{"id":29,"date":"2025-05-31T22:22:57","date_gmt":"2025-05-31T20:22:57","guid":{"rendered":"https:\/\/ikram.ovh\/?page_id=29"},"modified":"2025-07-04T15:32:46","modified_gmt":"2025-07-04T13:32:46","slug":"qui-sommes-nous","status":"publish","type":"page","link":"https:\/\/ikram.ovh\/index.php\/qui-sommes-nous\/","title":{"rendered":"Qui sommes nous ?"},"content":{"rendered":"\n<h2 class=\"wp-block-heading has-text-align-center\"><strong><mark style=\"background-color:rgba(0, 0, 0, 0)\" class=\"has-inline-color has-gray-color\">Le Bureau<\/mark><\/strong><\/h2>\n\n\n\n<p class=\"has-text-align-center\">Il est compos\u00e9 de trois membres<\/p>\n\n\n\n<ul class=\"wp-block-list\">\n<li>Aur\u00e9lien : Pr\u00e9sident<\/li>\n\n\n\n<li>Ikram : secr\u00e9taire<\/li>\n\n\n\n<li> Jane Doe : tr\u00e9sori\u00e8re<\/li>\n<\/ul>\n\n\n\n<div style=\"height:138px\" aria-hidden=\"true\" class=\"wp-block-spacer\"><\/div>\n\n\n\n<h2 class=\"wp-block-heading has-text-align-center\"><mark style=\"background-color:rgba(0, 0, 0, 0)\" class=\"has-inline-color has-gray-color\"><strong>Notre Philosophie<\/strong><\/mark><\/h2>\n\n\n\n<p class=\"has-text-align-center\">Il s&rsquo;agit de permettre l&rsquo;acc\u00e8s \u00e0 la musique pour tous et en toute libert\u00e9.<br>Nous ne voulons pas de discrimination par la pratique du solf\u00e8ge, m\u00eame si un minimum obligatoire de th\u00e9orie sera abord\u00e9, chacun ici, est libre de vouloir apprendre pour s&rsquo;orienter vers une carri\u00e8re professionnelle ou simplement apprendre pour jouer de la guitare le soir dans son salon.\u00a0<br>Pas de cycles impos\u00e9s pour ceux et celles qui ne le souhaitent pas mais la possibilit\u00e9 de pr\u00e9parer des concours d&rsquo;entr\u00e9e dans d&rsquo;autres \u00e9tablissements pour ceux qui le souhaitent<br>Enfin, pas de discrimination de l&rsquo;instrument : nous souhaitons d\u00e9velopper toutes les musiques, qu&rsquo;elles soient \u00ab\u00a0traditionnelles\u00a0\u00bb dans un cadre d&rsquo;\u00e9cole (harmonie etc), actuelle, (musiques actuelles, guitare etc) de groupe (chorale, batucada) ou ancr\u00e9e dans l&rsquo;\u00e9poque (MAO, DjING etc&#8230;)<\/p>\n\n\n\n<p><\/p>\n","protected":false},"excerpt":{"rendered":"<p>Le Bureau Il est compos\u00e9 de trois membres Notre Philosophie Il s&rsquo;agit de permettre l&rsquo;acc\u00e8s \u00e0 la musique pour tous et en toute libert\u00e9.Nous ne voulons pas de discrimination par la pratique du solf\u00e8ge, m\u00eame si un minimum obligatoire de th\u00e9orie sera abord\u00e9, chacun ici, est libre de vouloir apprendre pour s&rsquo;orienter vers une carri\u00e8re&hellip; <a class=\"more-link\" href=\"https:\/\/ikram.ovh\/index.php\/qui-sommes-nous\/\">Poursuivre la lecture <span class=\"screen-reader-text\">Qui sommes nous ?<\/span><\/a><\/p>\n","protected":false},"author":2,"featured_media":0,"parent":0,"menu_order":0,"comment_status":"closed","ping_status":"closed","template":"","meta":{"footnotes":""},"class_list":["post-29","page","type-page","status-publish","hentry","entry"],"_links":{"self":[{"href":"https:\/\/ikram.ovh\/index.php\/wp-json\/wp\/v2\/pages\/29","targetHints":{"allow":["GET"]}}],"collection":[{"href":"https:\/\/ikram.ovh\/index.php\/wp-json\/wp\/v2\/pages"}],"about":[{"href":"https:\/\/ikram.ovh\/index.php\/wp-json\/wp\/v2\/types\/page"}],"author":[{"embeddable":true,"href":"https:\/\/ikram.ovh\/index.php\/wp-json\/wp\/v2\/users\/2"}],"replies":[{"embeddable":true,"href":"https:\/\/ikram.ovh\/index.php\/wp-json\/wp\/v2\/comments?post=29"}],"version-history":[{"count":7,"href":"https:\/\/ikram.ovh\/index.php\/wp-json\/wp\/v2\/pages\/29\/revisions"}],"predecessor-version":[{"id":226,"href":"https:\/\/ikram.ovh\/index.php\/wp-json\/wp\/v2\/pages\/29\/revisions\/226"}],"wp:attachment":[{"href":"https:\/\/ikram.ovh\/index.php\/wp-json\/wp\/v2\/media?parent=29"}],"curies":[{"name":"wp","href":"https:\/\/api.w.org\/{rel}","templated":true}]}}