{"id":27,"date":"2025-05-31T22:01:37","date_gmt":"2025-05-31T20:01:37","guid":{"rendered":"https:\/\/ikram.ovh\/?page_id=27"},"modified":"2025-07-04T14:52:58","modified_gmt":"2025-07-04T12:52:58","slug":"les-cours","status":"publish","type":"page","link":"https:\/\/ikram.ovh\/index.php\/les-cours\/","title":{"rendered":"Les cours"},"content":{"rendered":"\n<main class=\"wp-block-group alignwide popular-section is-style-default\" style=\"margin-top:0;margin-bottom:0;padding-top:var(--wp--preset--spacing--30);padding-right:0;padding-bottom:var(--wp--preset--spacing--30);padding-left:0\"><div class=\"wp-block-group__inner-container is-layout-constrained wp-container-core-group-is-layout-1fb7df14 wp-block-group-is-layout-constrained\">\n<div class=\"wp-block-columns are-vertically-aligned-center popular-post is-layout-flex wp-container-core-columns-is-layout-3b9a15f9 wp-block-columns-is-layout-flex\" style=\"margin-top:var(--wp--preset--spacing--30);padding-top:0;padding-bottom:0\">\n<div class=\"wp-block-column is-vertically-aligned-center block-wrap-inner is-layout-flow wp-block-column-is-layout-flow\" style=\"padding-top:1rem;padding-right:1rem;padding-bottom:1rem;padding-left:1rem\">\n<figure class=\"wp-block-image size-full has-custom-border\"><img loading=\"lazy\" decoding=\"async\" width=\"633\" height=\"378\" src=\"http:\/\/ikram.ovh\/wp-content\/uploads\/2025\/05\/piano-1.jpg\" alt=\"\" class=\"wp-image-105\" style=\"border-radius:15px\" srcset=\"https:\/\/ikram.ovh\/wp-content\/uploads\/2025\/05\/piano-1.jpg 633w, https:\/\/ikram.ovh\/wp-content\/uploads\/2025\/05\/piano-1-300x179.jpg 300w\" sizes=\"auto, (max-width: 633px) 100vw, 633px\" \/><\/figure>\n\n\n\n<h3 class=\"wp-block-heading has-black-color has-text-color has-link-color has-jost-font-family wp-elements-0b26d4e8d11620b0fe89cce9b7715cb6\" style=\"margin-top:1rem;margin-bottom:0;font-size:18px;font-style:normal;font-weight:700\">PIANO<\/h3>\n\n\n\n<p class=\"has-text-color has-link-color has-jost-font-family wp-elements-27e514b3ee2a82462f52fa0f66233d8a\" style=\"color:#515151;margin-top:0rem;margin-bottom:0rem;font-size:14px;font-style:normal;font-weight:500\">Cours individuels ou \u00e0 deux maximum, dispens\u00e9s par Igor ou Iliam<\/p>\n<\/div>\n\n\n\n<div class=\"wp-block-column is-vertically-aligned-center block-wrap-inner is-layout-flow wp-block-column-is-layout-flow\" style=\"padding-top:1rem;padding-right:1rem;padding-bottom:1rem;padding-left:1rem\">\n<figure class=\"wp-block-image size-full has-custom-border\"><img loading=\"lazy\" decoding=\"async\" width=\"634\" height=\"378\" src=\"http:\/\/ikram.ovh\/wp-content\/uploads\/2025\/05\/guitare.jpg\" alt=\"\" class=\"wp-image-115\" style=\"border-radius:15px\" srcset=\"https:\/\/ikram.ovh\/wp-content\/uploads\/2025\/05\/guitare.jpg 634w, https:\/\/ikram.ovh\/wp-content\/uploads\/2025\/05\/guitare-300x179.jpg 300w\" sizes=\"auto, (max-width: 634px) 100vw, 634px\" \/><\/figure>\n\n\n\n<h3 class=\"wp-block-heading has-jost-font-family\" style=\"margin-top:1rem;margin-bottom:0;font-size:18px;font-style:normal;font-weight:700\">GUITARE<\/h3>\n\n\n\n<p class=\"has-text-color has-link-color has-jost-font-family wp-elements-9864a8023130cb5a360b84fb940c4127\" style=\"color:#515151;margin-top:0rem;margin-bottom:0rem;font-size:14px;font-style:normal;font-weight:500\">Cours individuels ou \u00e0 deux maximum, dispens\u00e9s par Igor, Kader ou Iliam<\/p>\n<\/div>\n\n\n\n<div class=\"wp-block-column is-vertically-aligned-center block-wrap-inner is-layout-flow wp-block-column-is-layout-flow\" style=\"padding-top:1rem;padding-right:1rem;padding-bottom:1rem;padding-left:1rem\">\n<figure class=\"wp-block-image size-full has-custom-border\"><img loading=\"lazy\" decoding=\"async\" width=\"633\" height=\"378\" src=\"http:\/\/ikram.ovh\/wp-content\/uploads\/2025\/05\/batterie.jpg\" alt=\"\" class=\"wp-image-114\" style=\"border-radius:15px\" srcset=\"https:\/\/ikram.ovh\/wp-content\/uploads\/2025\/05\/batterie.jpg 633w, https:\/\/ikram.ovh\/wp-content\/uploads\/2025\/05\/batterie-300x179.jpg 300w\" sizes=\"auto, (max-width: 633px) 100vw, 633px\" \/><\/figure>\n\n\n\n<h3 class=\"wp-block-heading has-jost-font-family\" style=\"margin-top:1rem;margin-bottom:0;font-size:18px;font-style:normal;font-weight:700\">BATTERIE<\/h3>\n\n\n\n<p class=\"has-text-color has-link-color has-jost-font-family wp-elements-4f731af3445a59063037232acc123be7\" style=\"color:#515151;margin-top:0rem;margin-bottom:0rem;font-size:14px;font-style:normal;font-weight:500\">Cours individuels ou \u00e0 deux maximum, dispens\u00e9s par St\u00e9phane<\/p>\n<\/div>\n<\/div>\n\n\n\n<div class=\"wp-block-columns are-vertically-aligned-center popular-post is-layout-flex wp-container-core-columns-is-layout-3b9a15f9 wp-block-columns-is-layout-flex\" style=\"margin-top:var(--wp--preset--spacing--30);padding-top:0;padding-bottom:0\">\n<div class=\"wp-block-column is-vertically-aligned-center block-wrap-inner is-layout-flow wp-block-column-is-layout-flow\" style=\"padding-top:1rem;padding-right:1rem;padding-bottom:1rem;padding-left:1rem\">\n<figure class=\"wp-block-image size-full has-custom-border\"><img loading=\"lazy\" decoding=\"async\" width=\"633\" height=\"378\" src=\"http:\/\/ikram.ovh\/wp-content\/uploads\/2025\/05\/violon-1.jpg\" alt=\"\" class=\"wp-image-113\" style=\"border-radius:15px\" srcset=\"https:\/\/ikram.ovh\/wp-content\/uploads\/2025\/05\/violon-1.jpg 633w, https:\/\/ikram.ovh\/wp-content\/uploads\/2025\/05\/violon-1-300x179.jpg 300w\" sizes=\"auto, (max-width: 633px) 100vw, 633px\" \/><\/figure>\n\n\n\n<h3 class=\"wp-block-heading has-black-color has-text-color has-link-color has-jost-font-family wp-elements-ff822eaa43a3e490173f9dac2b3670b8\" style=\"margin-top:1rem;margin-bottom:0;font-size:18px;font-style:normal;font-weight:700\">VIOLON<\/h3>\n\n\n\n<p class=\"has-text-color has-link-color has-jost-font-family wp-elements-b5544cd06b65eb24b54a3f11349293c1\" style=\"color:#515151;margin-top:0rem;margin-bottom:0rem;font-size:14px;font-style:normal;font-weight:500\">Cours individuels ou \u00e0 deux maximum, dispens\u00e9s par Alexandrine<\/p>\n<\/div>\n\n\n\n<div class=\"wp-block-column is-vertically-aligned-center block-wrap-inner is-layout-flow wp-block-column-is-layout-flow\" style=\"padding-top:1rem;padding-right:1rem;padding-bottom:1rem;padding-left:1rem\">\n<figure class=\"wp-block-image size-full has-custom-border\"><img loading=\"lazy\" decoding=\"async\" width=\"633\" height=\"378\" src=\"http:\/\/ikram.ovh\/wp-content\/uploads\/2025\/05\/trompette-1.jpg\" alt=\"\" class=\"wp-image-112\" style=\"border-radius:15px\" srcset=\"https:\/\/ikram.ovh\/wp-content\/uploads\/2025\/05\/trompette-1.jpg 633w, https:\/\/ikram.ovh\/wp-content\/uploads\/2025\/05\/trompette-1-300x179.jpg 300w\" sizes=\"auto, (max-width: 633px) 100vw, 633px\" \/><\/figure>\n\n\n\n<h3 class=\"wp-block-heading has-jost-font-family\" style=\"margin-top:1rem;margin-bottom:0;font-size:18px;font-style:normal;font-weight:700\">TROMPETTE-TROMBONE<\/h3>\n\n\n\n<p class=\"has-text-color has-link-color has-jost-font-family wp-elements-5a36d08a21170bab25b8d72fd99338a5\" style=\"color:#515151;margin-top:0rem;margin-bottom:0rem;font-size:14px;font-style:normal;font-weight:500\">Cours individuels ou \u00e0 deux maximum, dispens\u00e9s par Igor<\/p>\n<\/div>\n\n\n\n<div class=\"wp-block-column is-vertically-aligned-center block-wrap-inner is-layout-flow wp-block-column-is-layout-flow\" style=\"padding-top:1rem;padding-right:1rem;padding-bottom:1rem;padding-left:1rem\">\n<figure class=\"wp-block-image size-full has-custom-border\"><img loading=\"lazy\" decoding=\"async\" width=\"633\" height=\"378\" src=\"http:\/\/ikram.ovh\/wp-content\/uploads\/2025\/05\/saxo-1.jpg\" alt=\"\" class=\"wp-image-111\" style=\"border-radius:15px\" srcset=\"https:\/\/ikram.ovh\/wp-content\/uploads\/2025\/05\/saxo-1.jpg 633w, https:\/\/ikram.ovh\/wp-content\/uploads\/2025\/05\/saxo-1-300x179.jpg 300w\" sizes=\"auto, (max-width: 633px) 100vw, 633px\" \/><\/figure>\n\n\n\n<h3 class=\"wp-block-heading has-jost-font-family\" style=\"margin-top:1rem;margin-bottom:0;font-size:18px;font-style:normal;font-weight:700\">SAXOPHONE<\/h3>\n\n\n\n<p class=\"has-text-color has-link-color has-jost-font-family wp-elements-39e266b4303583a7ed4152d22aa68900\" style=\"color:#515151;margin-top:0rem;margin-bottom:0rem;font-size:14px;font-style:normal;font-weight:500\">Cours individuels ou \u00e0 deux maximum, dispens\u00e9s par J\u00e9r\u00e9my<\/p>\n<\/div>\n<\/div>\n\n\n\n<div class=\"wp-block-columns are-vertically-aligned-center popular-post is-layout-flex wp-container-core-columns-is-layout-3b9a15f9 wp-block-columns-is-layout-flex\" style=\"margin-top:var(--wp--preset--spacing--30);padding-top:0;padding-bottom:0\">\n<div class=\"wp-block-column is-vertically-aligned-center block-wrap-inner is-layout-flow wp-block-column-is-layout-flow\" style=\"padding-top:1rem;padding-right:1rem;padding-bottom:1rem;padding-left:1rem\">\n<figure class=\"wp-block-image size-full has-custom-border\"><img loading=\"lazy\" decoding=\"async\" width=\"633\" height=\"380\" src=\"http:\/\/ikram.ovh\/wp-content\/uploads\/2025\/05\/chant.jpg\" alt=\"\" class=\"wp-image-110\" style=\"border-radius:15px\" srcset=\"https:\/\/ikram.ovh\/wp-content\/uploads\/2025\/05\/chant.jpg 633w, https:\/\/ikram.ovh\/wp-content\/uploads\/2025\/05\/chant-300x180.jpg 300w\" sizes=\"auto, (max-width: 633px) 100vw, 633px\" \/><\/figure>\n\n\n\n<h3 class=\"wp-block-heading has-black-color has-text-color has-link-color has-jost-font-family wp-elements-d82a8ae2b503854cdae960044c3fc708\" style=\"margin-top:1rem;margin-bottom:0;font-size:18px;font-style:normal;font-weight:700\">CHANT<\/h3>\n\n\n\n<p class=\"has-text-color has-link-color has-jost-font-family wp-elements-12332f1df9f3aa76a6cdf0a51bf1493f\" style=\"color:#515151;margin-top:0rem;margin-bottom:0rem;font-size:14px;font-style:normal;font-weight:500\">Cours individuels dispens\u00e9s par Naomie<\/p>\n<\/div>\n\n\n\n<div class=\"wp-block-column is-vertically-aligned-center block-wrap-inner is-layout-flow wp-block-column-is-layout-flow\" style=\"padding-top:1rem;padding-right:1rem;padding-bottom:1rem;padding-left:1rem\">\n<figure class=\"wp-block-image size-full has-custom-border\"><img loading=\"lazy\" decoding=\"async\" width=\"633\" height=\"379\" src=\"http:\/\/ikram.ovh\/wp-content\/uploads\/2025\/05\/solfege-1.jpg\" alt=\"\" class=\"wp-image-109\" style=\"border-radius:15px\" srcset=\"https:\/\/ikram.ovh\/wp-content\/uploads\/2025\/05\/solfege-1.jpg 633w, https:\/\/ikram.ovh\/wp-content\/uploads\/2025\/05\/solfege-1-300x180.jpg 300w\" sizes=\"auto, (max-width: 633px) 100vw, 633px\" \/><\/figure>\n\n\n\n<h3 class=\"wp-block-heading has-jost-font-family\" style=\"margin-top:1rem;margin-bottom:0;font-size:18px;font-style:normal;font-weight:700\">SOLFEGE<\/h3>\n\n\n\n<p class=\"has-text-color has-link-color has-jost-font-family wp-elements-e90b44e17632b298bde6c9ba4487de51\" style=\"color:#515151;margin-top:0rem;margin-bottom:0rem;font-size:14px;font-style:normal;font-weight:500\">Cours collectifs dispens\u00e9s par Igor<\/p>\n<\/div>\n\n\n\n<div class=\"wp-block-column is-vertically-aligned-center block-wrap-inner is-layout-flow wp-block-column-is-layout-flow\" style=\"padding-top:1rem;padding-right:1rem;padding-bottom:1rem;padding-left:1rem\">\n<figure class=\"wp-block-image size-full has-custom-border\"><img loading=\"lazy\" decoding=\"async\" width=\"1224\" height=\"619\" src=\"http:\/\/ikram.ovh\/wp-content\/uploads\/2025\/05\/eveil.png\" alt=\"\" class=\"wp-image-40\" style=\"border-radius:15px\" srcset=\"https:\/\/ikram.ovh\/wp-content\/uploads\/2025\/05\/eveil.png 1224w, https:\/\/ikram.ovh\/wp-content\/uploads\/2025\/05\/eveil-300x152.png 300w, https:\/\/ikram.ovh\/wp-content\/uploads\/2025\/05\/eveil-1024x518.png 1024w, https:\/\/ikram.ovh\/wp-content\/uploads\/2025\/05\/eveil-768x388.png 768w\" sizes=\"auto, (max-width: 1224px) 100vw, 1224px\" \/><\/figure>\n\n\n\n<h3 class=\"wp-block-heading has-jost-font-family\" style=\"margin-top:1rem;margin-bottom:0;font-size:18px;font-style:normal;font-weight:700\">EVEIL MUSICAL<\/h3>\n\n\n\n<p class=\"has-text-color has-link-color has-jost-font-family wp-elements-02c31e75bcace8af648ede6602876287\" style=\"color:#515151;margin-top:0rem;margin-bottom:0rem;font-size:14px;font-style:normal;font-weight:500\">Initiation \u00e0 la musique, au rythme et aux instruments pour les tout-petits, sous la direction de Carole<\/p>\n<\/div>\n<\/div>\n\n\n\n<div class=\"wp-block-columns are-vertically-aligned-center popular-post is-layout-flex wp-container-core-columns-is-layout-3b9a15f9 wp-block-columns-is-layout-flex\" style=\"margin-top:var(--wp--preset--spacing--30);padding-top:0;padding-bottom:0\">\n<div class=\"wp-block-column is-vertically-aligned-center block-wrap-inner is-layout-flow wp-block-column-is-layout-flow\" style=\"padding-top:1rem;padding-right:1rem;padding-bottom:1rem;padding-left:1rem\">\n<figure class=\"wp-block-image size-full has-custom-border\"><img loading=\"lazy\" decoding=\"async\" width=\"633\" height=\"378\" src=\"http:\/\/ikram.ovh\/wp-content\/uploads\/2025\/05\/musiques-actuelles.jpg\" alt=\"\" class=\"wp-image-107\" style=\"border-radius:15px\" srcset=\"https:\/\/ikram.ovh\/wp-content\/uploads\/2025\/05\/musiques-actuelles.jpg 633w, https:\/\/ikram.ovh\/wp-content\/uploads\/2025\/05\/musiques-actuelles-300x179.jpg 300w\" sizes=\"auto, (max-width: 633px) 100vw, 633px\" \/><\/figure>\n\n\n\n<h3 class=\"wp-block-heading has-black-color has-text-color has-link-color has-jost-font-family wp-elements-d223fe51f21d4d2aa67d875837a811c7\" style=\"margin-top:1rem;margin-bottom:0;font-size:18px;font-style:normal;font-weight:700\">MUSIQUES ACTUELLES<\/h3>\n\n\n\n<p class=\"has-text-color has-link-color has-jost-font-family wp-elements-13607b47fef8188f6b53efc90e911546\" style=\"color:#515151;margin-top:0rem;margin-bottom:0rem;font-size:14px;font-style:normal;font-weight:500\">Formation regroupant plusieurs instruments dirig\u00e9e par Iliam. 2 Groupes :  adultes et ados<\/p>\n<\/div>\n\n\n\n<div class=\"wp-block-column is-vertically-aligned-center block-wrap-inner is-layout-flow wp-block-column-is-layout-flow\" style=\"padding-top:1rem;padding-right:1rem;padding-bottom:1rem;padding-left:1rem\">\n<figure class=\"wp-block-image size-full has-custom-border\"><img loading=\"lazy\" decoding=\"async\" width=\"633\" height=\"381\" src=\"http:\/\/ikram.ovh\/wp-content\/uploads\/2025\/05\/chorale_.jpg\" alt=\"\" class=\"wp-image-106\" style=\"border-radius:15px\" srcset=\"https:\/\/ikram.ovh\/wp-content\/uploads\/2025\/05\/chorale_.jpg 633w, https:\/\/ikram.ovh\/wp-content\/uploads\/2025\/05\/chorale_-300x181.jpg 300w\" sizes=\"auto, (max-width: 633px) 100vw, 633px\" \/><\/figure>\n\n\n\n<h3 class=\"wp-block-heading has-jost-font-family\" style=\"margin-top:1rem;margin-bottom:0;font-size:18px;font-style:normal;font-weight:700\">CHORALE<\/h3>\n\n\n\n<p class=\"has-text-color has-link-color has-jost-font-family wp-elements-3fe281a8d13960468219ef29153d3e68\" style=\"color:#515151;margin-top:0rem;margin-bottom:0rem;font-size:14px;font-style:normal;font-weight:500\">Chorale ouverte \u00e0 tous dirig\u00e9e par Laura\u00a0et Romain musiciens et chefs de choeur. R\u00e9pertoire allant du gospel \u00e0 la chanson fran\u00e7aise<\/p>\n<\/div>\n\n\n\n<div class=\"wp-block-column is-vertically-aligned-center block-wrap-inner is-layout-flow wp-block-column-is-layout-flow\" style=\"padding-top:1rem;padding-right:1rem;padding-bottom:1rem;padding-left:1rem\">\n<figure class=\"wp-block-image size-full has-custom-border\"><img loading=\"lazy\" decoding=\"async\" width=\"800\" height=\"490\" src=\"http:\/\/ikram.ovh\/wp-content\/uploads\/2025\/05\/Batuc.jpg\" alt=\"\" class=\"wp-image-37\" style=\"border-radius:15px\" srcset=\"https:\/\/ikram.ovh\/wp-content\/uploads\/2025\/05\/Batuc.jpg 800w, https:\/\/ikram.ovh\/wp-content\/uploads\/2025\/05\/Batuc-300x184.jpg 300w, https:\/\/ikram.ovh\/wp-content\/uploads\/2025\/05\/Batuc-768x470.jpg 768w\" sizes=\"auto, (max-width: 800px) 100vw, 800px\" \/><\/figure>\n\n\n\n<h3 class=\"wp-block-heading has-jost-font-family\" style=\"margin-top:1rem;margin-bottom:0;font-size:18px;font-style:normal;font-weight:700\">BATUCADA<\/h3>\n\n\n\n<p class=\"has-text-color has-link-color has-jost-font-family wp-elements-41011d421ea3eb918196ee5518fb0011\" style=\"color:#515151;margin-top:0rem;margin-bottom:0rem;font-size:14px;font-style:normal;font-weight:500\">Cours de percussions br\u00e9siliennes, aucun pr\u00e9-requis musical n\u00e9cessaire, si ce n&rsquo;est le sens du rythme, sous la houlette d&rsquo;Aur\u00e9lie<\/p>\n<\/div>\n<\/div>\n<\/div><\/main>\n\n\n\n<p><\/p>\n","protected":false},"excerpt":{"rendered":"<p>PIANO Cours individuels ou \u00e0 deux maximum, dispens\u00e9s par Igor ou Iliam GUITARE Cours individuels ou \u00e0 deux maximum, dispens\u00e9s par Igor, Kader ou Iliam BATTERIE Cours individuels ou \u00e0 deux maximum, dispens\u00e9s par St\u00e9phane VIOLON Cours individuels ou \u00e0 deux maximum, dispens\u00e9s par Alexandrine TROMPETTE-TROMBONE Cours individuels ou \u00e0 deux maximum, dispens\u00e9s par Igor&hellip; <a class=\"more-link\" href=\"https:\/\/ikram.ovh\/index.php\/les-cours\/\">Poursuivre la lecture <span class=\"screen-reader-text\">Les cours<\/span><\/a><\/p>\n","protected":false},"author":2,"featured_media":0,"parent":0,"menu_order":0,"comment_status":"closed","ping_status":"closed","template":"","meta":{"footnotes":""},"class_list":["post-27","page","type-page","status-publish","hentry","entry"],"_links":{"self":[{"href":"https:\/\/ikram.ovh\/index.php\/wp-json\/wp\/v2\/pages\/27","targetHints":{"allow":["GET"]}}],"collection":[{"href":"https:\/\/ikram.ovh\/index.php\/wp-json\/wp\/v2\/pages"}],"about":[{"href":"https:\/\/ikram.ovh\/index.php\/wp-json\/wp\/v2\/types\/page"}],"author":[{"embeddable":true,"href":"https:\/\/ikram.ovh\/index.php\/wp-json\/wp\/v2\/users\/2"}],"replies":[{"embeddable":true,"href":"https:\/\/ikram.ovh\/index.php\/wp-json\/wp\/v2\/comments?post=27"}],"version-history":[{"count":6,"href":"https:\/\/ikram.ovh\/index.php\/wp-json\/wp\/v2\/pages\/27\/revisions"}],"predecessor-version":[{"id":212,"href":"https:\/\/ikram.ovh\/index.php\/wp-json\/wp\/v2\/pages\/27\/revisions\/212"}],"wp:attachment":[{"href":"https:\/\/ikram.ovh\/index.php\/wp-json\/wp\/v2\/media?parent=27"}],"curies":[{"name":"wp","href":"https:\/\/api.w.org\/{rel}","templated":true}]}}