{"id":25,"date":"2025-05-31T23:24:29","date_gmt":"2025-05-31T21:24:29","guid":{"rendered":"https:\/\/ikram.ovh\/?page_id=25"},"modified":"2025-07-04T12:28:04","modified_gmt":"2025-07-04T10:28:04","slug":"lequipe-enseignante","status":"publish","type":"page","link":"https:\/\/ikram.ovh\/index.php\/lequipe-enseignante\/","title":{"rendered":"L&rsquo;\u00e9quipe enseignante"},"content":{"rendered":"\n<p class=\"has-text-align-center\"><br><br>Elle est compos\u00e9e de 11 professionnels de l&rsquo;enseignement musical<br><br><\/p>\n\n\n\n<div class=\"wp-block-group is-layout-grid wp-container-core-group-is-layout-9649a0d9 wp-block-group-is-layout-grid\">\n<div class=\"wp-block-group is-layout-grid wp-container-core-group-is-layout-9649a0d9 wp-block-group-is-layout-grid\">\n<p class=\"has-text-align-center\"><mark style=\"background-color:rgba(0, 0, 0, 0)\" class=\"has-inline-color has-gray-color\"><strong>Igor<\/strong><\/mark><br><br>Piano, Guitare, Trompette, Trombone, Solf\u00e8ge<br><\/p>\n<\/div>\n\n\n\n<p class=\"has-text-align-center wp-container-content-69bc4bdf\"><mark style=\"background-color:rgba(0, 0, 0, 0)\" class=\"has-inline-color has-gray-color\"><strong>Alexandrine<\/strong><\/mark><br><br><br>Violon<\/p>\n\n\n\n<p class=\"has-text-align-center\"><strong><mark style=\"background-color:rgba(0, 0, 0, 0)\" class=\"has-inline-color has-gray-color\">Carole<\/mark><\/strong><br><br><br>Eveil musical, Chant<\/p>\n\n\n\n<div class=\"wp-block-group is-layout-grid wp-container-core-group-is-layout-9649a0d9 wp-block-group-is-layout-grid\">\n<p class=\"has-text-align-center\"><strong><mark style=\"background-color:rgba(0, 0, 0, 0)\" class=\"has-inline-color has-gray-color\">Iliam<\/mark><\/strong><br><br>Piano, Guitare, Musiques actuelles<br><br><\/p>\n<\/div>\n\n\n\n<p class=\"has-text-align-center\"><strong><mark style=\"background-color:rgba(0, 0, 0, 0)\" class=\"has-inline-color has-gray-color\">St\u00e9phane <\/mark><\/strong><br><br>Batterie<\/p>\n\n\n\n<p class=\"has-text-align-center wp-container-content-69bc4bdf\"><strong><mark style=\"background-color:rgba(0, 0, 0, 0)\" class=\"has-inline-color has-gray-color\">Kader<\/mark><\/strong><br><br>Guitare<\/p>\n\n\n\n<div class=\"wp-block-group is-layout-grid wp-container-core-group-is-layout-9649a0d9 wp-block-group-is-layout-grid\">\n<p class=\"has-text-align-center wp-container-content-69bc4bdf\"><strong><mark style=\"background-color:rgba(0, 0, 0, 0)\" class=\"has-inline-color has-gray-color\">Romain &amp; Laura<br><\/mark><\/strong><br>Chorale<br><\/p>\n<\/div>\n\n\n\n<p class=\"has-text-align-center\"><strong><mark style=\"background-color:rgba(0, 0, 0, 0)\" class=\"has-inline-color has-gray-color\">Naomie<\/mark><\/strong><br><br>Chant<\/p>\n\n\n\n<p class=\"has-text-align-center\"><strong><mark style=\"background-color:rgba(0, 0, 0, 0)\" class=\"has-inline-color has-gray-color\">J\u00e9r\u00e9mie<\/mark><\/strong><br><br>Saxophone<\/p>\n<\/div>\n\n\n\n<p><\/p>\n","protected":false},"excerpt":{"rendered":"<p>Elle est compos\u00e9e de 11 professionnels de l&rsquo;enseignement musical Igor Piano, Guitare, Trompette, Trombone, Solf\u00e8ge Alexandrine Violon Carole Eveil musical, Chant Iliam Piano, Guitare, Musiques actuelles St\u00e9phane Batterie Kader Guitare Romain &amp; LauraChorale Naomie Chant J\u00e9r\u00e9mie Saxophone<\/p>\n","protected":false},"author":2,"featured_media":0,"parent":0,"menu_order":0,"comment_status":"closed","ping_status":"closed","template":"","meta":{"footnotes":""},"class_list":["post-25","page","type-page","status-publish","hentry","entry"],"_links":{"self":[{"href":"https:\/\/ikram.ovh\/index.php\/wp-json\/wp\/v2\/pages\/25","targetHints":{"allow":["GET"]}}],"collection":[{"href":"https:\/\/ikram.ovh\/index.php\/wp-json\/wp\/v2\/pages"}],"about":[{"href":"https:\/\/ikram.ovh\/index.php\/wp-json\/wp\/v2\/types\/page"}],"author":[{"embeddable":true,"href":"https:\/\/ikram.ovh\/index.php\/wp-json\/wp\/v2\/users\/2"}],"replies":[{"embeddable":true,"href":"https:\/\/ikram.ovh\/index.php\/wp-json\/wp\/v2\/comments?post=25"}],"version-history":[{"count":5,"href":"https:\/\/ikram.ovh\/index.php\/wp-json\/wp\/v2\/pages\/25\/revisions"}],"predecessor-version":[{"id":127,"href":"https:\/\/ikram.ovh\/index.php\/wp-json\/wp\/v2\/pages\/25\/revisions\/127"}],"wp:attachment":[{"href":"https:\/\/ikram.ovh\/index.php\/wp-json\/wp\/v2\/media?parent=25"}],"curies":[{"name":"wp","href":"https:\/\/api.w.org\/{rel}","templated":true}]}}